{"id":167,"date":"2021-09-24T08:27:57","date_gmt":"2021-09-24T08:27:57","guid":{"rendered":"https:\/\/www.alquileresscratch.com\/?page_id=167"},"modified":"2022-02-17T10:49:07","modified_gmt":"2022-02-17T10:49:07","slug":"furgonetas-de-carga","status":"publish","type":"page","link":"https:\/\/www.alquileresscratch.com\/index.php\/nuestros-vehiculos\/furgonetas-de-carga\/","title":{"rendered":"Furgonetas de carga"},"content":{"rendered":"\n<div class=\"wp-block-media-text alignwide is-stacked-on-mobile is-vertically-aligned-center\" style=\"grid-template-columns:56% auto\"><figure class=\"wp-block-media-text__media\"><img decoding=\"async\" src=\"https:\/\/www.alquileresscratch.com\/wp-content\/uploads\/2021\/09\/Renault_Kangoo_Maxi.png\" alt=\"\" class=\"wp-image-147 size-full\"\/><\/figure><div class=\"wp-block-media-text__content\">\n<h2 class=\"p { text-align: justify; } has-text-color wp-block-heading\" id=\"renault-kangoo-maxi\" style=\"color:#000000;font-size:32px\"><strong><a href=\"https:\/\/www.alquileresscratch.com\/index.php\/renault-kangoo-maxi\/\">Renault Kangoo Maxi<\/a><\/strong><\/h2>\n\n\n\n<p class=\"has-text-color\" style=\"color:#000000;font-size:17px\">Furgoneta de carga, con capacidad de hasta 4 m\u00b3. Ideal para bultos de tama\u00f1o peque\u00f1o y mediano. Muy maniobrable y manejable en el \u00e1mbito urbano. Las medidas del compartimento de carga son: largo 2.00 m, alto 1.20 m y ancho 1.45 m. Carga \u00fatil 800 kgs.<\/p>\n\n\n\n<div class=\"wp-block-buttons is-layout-flex wp-block-buttons-is-layout-flex\">\n<div class=\"wp-block-button has-custom-width wp-block-button__width-75 is-style-fill\"><a class=\"wp-block-button__link\" href=\"https:\/\/www.alquileresscratch.com\/index.php\/renault-kangoo-maxi\/\" style=\"border-radius:50px\">Ver veh\u00edculo<\/a><\/div>\n<\/div>\n<\/div><\/div>\n\n\n\n<div class=\"wp-block-cover alignfull is-light\" style=\"min-height:368px;aspect-ratio:unset;\"><span aria-hidden=\"true\" class=\"has-background-dim-100 wp-block-cover__gradient-background has-background-dim\" style=\"background-color:#ffffff\"><\/span><div class=\"wp-block-cover__inner-container is-layout-flow wp-block-cover-is-layout-flow\">\n<div class=\"wp-block-media-text alignwide has-media-on-the-right is-stacked-on-mobile is-vertically-aligned-center\" style=\"grid-template-columns:auto 56%\"><figure class=\"wp-block-media-text__media\"><img loading=\"lazy\" decoding=\"async\" width=\"700\" height=\"525\" src=\"https:\/\/www.alquileresscratch.com\/wp-content\/uploads\/2022\/02\/Renault_Trafic_L1H1-1-e1645087872315.jpg\" alt=\"\" class=\"wp-image-324 size-full\"\/><\/figure><div class=\"wp-block-media-text__content\">\n<h2 class=\"has-text-color wp-block-heading\" id=\"renault-trafic\" style=\"color:#000000;font-size:32px\"><strong>Renault Trafic<\/strong><\/h2>\n\n\n\n<p class=\"has-text-color\" style=\"color:#000000;font-size:17px\">Furgoneta de carga, con capacidad de hasta 5 m\u00b3. Ideal para bultos de tama\u00f1o peque\u00f1o y mediano. Una de las furgonetas m\u00e1s vers\u00e1tiles en cuanto al transporte de mercanc\u00edas, gracias a su tama\u00f1o medio y su capacidad de carga de hasta 1.200 Kg. Las medidas del compartimento de carga son: largo 2.45 m, alto 1.40 m y ancho 1.64 m.<\/p>\n\n\n\n<div class=\"wp-block-buttons is-layout-flex wp-block-buttons-is-layout-flex\">\n<div class=\"wp-block-button is-style-fill\"><a class=\"wp-block-button__link\">Ver veh\u00edculo<\/a><\/div>\n<\/div>\n<\/div><\/div>\n\n\n\n<p><\/p>\n<\/div><\/div>\n\n\n\n<div class=\"wp-block-media-text alignwide is-stacked-on-mobile is-vertically-aligned-center\" style=\"grid-template-columns:56% auto\"><figure class=\"wp-block-media-text__media\"><img loading=\"lazy\" decoding=\"async\" width=\"520\" height=\"360\" src=\"https:\/\/www.alquileresscratch.com\/wp-content\/uploads\/2022\/02\/Renault_Master_L3H2-e1645087633537.jpeg\" alt=\"\" class=\"wp-image-322 size-full\"\/><\/figure><div class=\"wp-block-media-text__content\">\n<h2 class=\"has-text-color wp-block-heading\" id=\"renault-master\" style=\"color:#000000;font-size:32px\"><strong>Renault Master<\/strong><\/h2>\n\n\n\n<p class=\"has-text-color\" style=\"color:#000000;font-size:17px\">Furgoneta de carga de alta capacidad de hasta 13 m\u00b3. Ideal para bultos de tama\u00f1o mediano y grande. Una de las furgonetas con m\u00e1s capacidad del mercado, gracias a su gran tama\u00f1o y su capacidad de carga de hasta 1.530 Kg. Las medidas del compartimento de carga son: largo 3.65 m, alto 1.89 m y ancho 1.76 m.<\/p>\n\n\n\n<div class=\"wp-block-buttons is-layout-flex wp-block-buttons-is-layout-flex\">\n<div class=\"wp-block-button is-style-fill\"><a class=\"wp-block-button__link\">Ver veh\u00edculo<\/a><\/div>\n<\/div>\n<\/div><\/div>\n","protected":false},"excerpt":{"rendered":"","protected":false},"author":2,"featured_media":0,"parent":13,"menu_order":1,"comment_status":"closed","ping_status":"closed","template":"","meta":{"_uag_custom_page_level_css":"","_monsterinsights_skip_tracking":false,"_monsterinsights_sitenote_active":false,"_monsterinsights_sitenote_note":"","_monsterinsights_sitenote_category":0,"footnotes":""},"class_list":["post-167","page","type-page","status-publish","hentry"],"uagb_featured_image_src":{"full":false,"thumbnail":false,"medium":false,"medium_large":false,"large":false,"1536x1536":false,"2048x2048":false,"twentyseventeen-featured-image":false,"twentyseventeen-thumbnail-avatar":false},"uagb_author_info":{"display_name":"Admin","author_link":"https:\/\/www.alquileresscratch.com\/index.php\/author\/admin\/"},"uagb_comment_info":0,"uagb_excerpt":null,"_links":{"self":[{"href":"https:\/\/www.alquileresscratch.com\/index.php\/wp-json\/wp\/v2\/pages\/167","targetHints":{"allow":["GET"]}}],"collection":[{"href":"https:\/\/www.alquileresscratch.com\/index.php\/wp-json\/wp\/v2\/pages"}],"about":[{"href":"https:\/\/www.alquileresscratch.com\/index.php\/wp-json\/wp\/v2\/types\/page"}],"author":[{"embeddable":true,"href":"https:\/\/www.alquileresscratch.com\/index.php\/wp-json\/wp\/v2\/users\/2"}],"replies":[{"embeddable":true,"href":"https:\/\/www.alquileresscratch.com\/index.php\/wp-json\/wp\/v2\/comments?post=167"}],"version-history":[{"count":6,"href":"https:\/\/www.alquileresscratch.com\/index.php\/wp-json\/wp\/v2\/pages\/167\/revisions"}],"predecessor-version":[{"id":352,"href":"https:\/\/www.alquileresscratch.com\/index.php\/wp-json\/wp\/v2\/pages\/167\/revisions\/352"}],"up":[{"embeddable":true,"href":"https:\/\/www.alquileresscratch.com\/index.php\/wp-json\/wp\/v2\/pages\/13"}],"wp:attachment":[{"href":"https:\/\/www.alquileresscratch.com\/index.php\/wp-json\/wp\/v2\/media?parent=167"}],"curies":[{"name":"wp","href":"https:\/\/api.w.org\/{rel}","templated":true}]}}