{"id":173,"date":"2021-09-24T08:44:38","date_gmt":"2021-09-24T08:44:38","guid":{"rendered":"https:\/\/www.alquileresscratch.com\/?page_id=173"},"modified":"2022-02-17T08:24:55","modified_gmt":"2022-02-17T08:24:55","slug":"turismos","status":"publish","type":"page","link":"https:\/\/www.alquileresscratch.com\/index.php\/nuestros-vehiculos\/turismos\/","title":{"rendered":"Turismos"},"content":{"rendered":"\n<div class=\"wp-block-media-text alignwide is-stacked-on-mobile is-vertically-aligned-center\" style=\"grid-template-columns:56% auto\"><figure class=\"wp-block-media-text__media\"><img decoding=\"async\" src=\"https:\/\/www.alquileresscratch.com\/wp-content\/uploads\/2021\/09\/Renault_Clio.png\" alt=\"\" class=\"wp-image-146 size-full\"\/><\/figure><div class=\"wp-block-media-text__content\">\n<h2 class=\"p { text-align: justify; } has-text-color wp-block-heading\" id=\"renault-clio\" style=\"color:#000000;font-size:32px\"><strong>Renault Clio<\/strong><\/h2>\n\n\n\n<p class=\"has-text-color\" style=\"color:#000000;font-size:17px\">Es el veh\u00edculo m\u00e1s peque\u00f1o del que disponemos. Muy manejable y c\u00f3modo.<\/p>\n\n\n\n<div class=\"wp-block-uagb-icon-list uagb-icon-list__outer-wrap uagb-icon-list__layout-vertical uagb-block-5827ceb5\"><div class=\"uagb-icon-list__wrap\"><\/div><\/div>\n\n\n\n<div class=\"wp-block-buttons is-layout-flex wp-block-buttons-is-layout-flex\">\n<div class=\"wp-block-button has-custom-width wp-block-button__width-75 is-style-fill\"><a class=\"wp-block-button__link\" style=\"border-radius:50px\">Ver veh\u00edculo<\/a><\/div>\n<\/div>\n<\/div><\/div>\n\n\n\n<div class=\"wp-block-media-text alignwide has-media-on-the-right is-stacked-on-mobile is-vertically-aligned-center\" style=\"grid-template-columns:auto 56%\"><figure class=\"wp-block-media-text__media\"><img decoding=\"async\" src=\"https:\/\/www.alquileresscratch.com\/wp-content\/uploads\/2021\/09\/Citroen_Elysee.png\" alt=\"\" class=\"wp-image-143 size-full\"\/><\/figure><div class=\"wp-block-media-text__content\">\n<h2 class=\"p { text-align: justify; } has-text-color wp-block-heading\" id=\"citroen-elysee\" style=\"color:#000000;font-size:32px\"><strong>Citroen Elyse\u00e9<\/strong><\/h2>\n\n\n\n<p class=\"has-text-color\" style=\"color:#000000;font-size:17px\">Une la facilidad de un veh\u00edculo peque\u00f1o con las comodidades y el espacio de uno grande.<\/p>\n\n\n\n<div class=\"wp-block-buttons is-layout-flex wp-block-buttons-is-layout-flex\">\n<div class=\"wp-block-button has-custom-width wp-block-button__width-75 is-style-fill\"><a class=\"wp-block-button__link\" style=\"border-radius:50px\">Ver veh\u00edculo<\/a><\/div>\n<\/div>\n<\/div><\/div>\n\n\n\n<div class=\"wp-block-media-text alignwide is-stacked-on-mobile is-vertically-aligned-center\" style=\"grid-template-columns:56% auto\"><figure class=\"wp-block-media-text__media\"><img decoding=\"async\" src=\"https:\/\/www.alquileresscratch.com\/wp-content\/uploads\/2021\/09\/Renault_Kangoo_Maxi.png\" alt=\"\" class=\"wp-image-147 size-full\"\/><\/figure><div class=\"wp-block-media-text__content\">\n<h2 class=\"p { text-align: justify; } has-text-color wp-block-heading\" id=\"renault-kangoo-maxi-combi\" style=\"color:#000000;font-size:32px\"><strong>Renault Kangoo Maxi Combi<\/strong><\/h2>\n\n\n\n<p class=\"has-text-color\" style=\"color:#000000;font-size:17px\">La mejor opci\u00f3n si lo que necesitas es espacio en un tama\u00f1o comedido.<\/p>\n\n\n\n<div class=\"wp-block-buttons is-layout-flex wp-block-buttons-is-layout-flex\">\n<div class=\"wp-block-button has-custom-width wp-block-button__width-75 is-style-fill\"><a class=\"wp-block-button__link\" style=\"border-radius:50px\">Ver veh\u00edculo<\/a><\/div>\n<\/div>\n<\/div><\/div>\n","protected":false},"excerpt":{"rendered":"","protected":false},"author":2,"featured_media":0,"parent":13,"menu_order":0,"comment_status":"closed","ping_status":"closed","template":"","meta":{"_uag_custom_page_level_css":"","_monsterinsights_skip_tracking":false,"_monsterinsights_sitenote_active":false,"_monsterinsights_sitenote_note":"","_monsterinsights_sitenote_category":0,"footnotes":""},"class_list":["post-173","page","type-page","status-publish","hentry"],"uagb_featured_image_src":{"full":false,"thumbnail":false,"medium":false,"medium_large":false,"large":false,"1536x1536":false,"2048x2048":false,"twentyseventeen-featured-image":false,"twentyseventeen-thumbnail-avatar":false},"uagb_author_info":{"display_name":"Admin","author_link":"https:\/\/www.alquileresscratch.com\/index.php\/author\/admin\/"},"uagb_comment_info":0,"uagb_excerpt":null,"_links":{"self":[{"href":"https:\/\/www.alquileresscratch.com\/index.php\/wp-json\/wp\/v2\/pages\/173","targetHints":{"allow":["GET"]}}],"collection":[{"href":"https:\/\/www.alquileresscratch.com\/index.php\/wp-json\/wp\/v2\/pages"}],"about":[{"href":"https:\/\/www.alquileresscratch.com\/index.php\/wp-json\/wp\/v2\/types\/page"}],"author":[{"embeddable":true,"href":"https:\/\/www.alquileresscratch.com\/index.php\/wp-json\/wp\/v2\/users\/2"}],"replies":[{"embeddable":true,"href":"https:\/\/www.alquileresscratch.com\/index.php\/wp-json\/wp\/v2\/comments?post=173"}],"version-history":[{"count":4,"href":"https:\/\/www.alquileresscratch.com\/index.php\/wp-json\/wp\/v2\/pages\/173\/revisions"}],"predecessor-version":[{"id":320,"href":"https:\/\/www.alquileresscratch.com\/index.php\/wp-json\/wp\/v2\/pages\/173\/revisions\/320"}],"up":[{"embeddable":true,"href":"https:\/\/www.alquileresscratch.com\/index.php\/wp-json\/wp\/v2\/pages\/13"}],"wp:attachment":[{"href":"https:\/\/www.alquileresscratch.com\/index.php\/wp-json\/wp\/v2\/media?parent=173"}],"curies":[{"name":"wp","href":"https:\/\/api.w.org\/{rel}","templated":true}]}}